{"id":952,"date":"2025-08-27T14:58:50","date_gmt":"2025-08-27T12:58:50","guid":{"rendered":"https:\/\/arcelormittalgonvarri.sk\/produkty-a-sluzby\/"},"modified":"2026-01-15T15:08:29","modified_gmt":"2026-01-15T14:08:29","slug":"products-and-services","status":"publish","type":"page","link":"https:\/\/arcelormittalgonvarri.sk\/en\/products-and-services\/","title":{"rendered":"Products and services"},"content":{"rendered":"","protected":false},"excerpt":{"rendered":"","protected":false},"author":1,"featured_media":0,"parent":0,"menu_order":0,"comment_status":"closed","ping_status":"closed","template":"","meta":{"_acf_changed":false,"inline_featured_image":false,"footnotes":""},"class_list":["post-952","page","type-page","status-publish","hentry"],"acf":[],"yoast_head":"<!-- This site is optimized with the Yoast SEO plugin v26.5 - https:\/\/yoast.com\/wordpress\/plugins\/seo\/ -->\n<title>Products and Services | ArcelorMittal Gonvarri<\/title>\n<meta name=\"description\" content=\"Komplexn\u00e9 slu\u017eby v spracovan\u00ed ocele a hlin\u00edka \u2013 delenie, lisovanie, logistika, poradenstvo. Rie\u0161enia na mieru pre priemyseln\u00e9 pou\u017eitie.\" \/>\n<meta name=\"robots\" content=\"index, follow, max-snippet:-1, max-image-preview:large, max-video-preview:-1\" \/>\n<link rel=\"canonical\" href=\"https:\/\/arcelormittalgonvarri.sk\/en\/products-and-services\/\" \/>\n<meta property=\"og:locale\" content=\"en_US\" \/>\n<meta property=\"og:type\" content=\"article\" \/>\n<meta property=\"og:title\" content=\"Products and Services | ArcelorMittal Gonvarri\" \/>\n<meta property=\"og:description\" content=\"Komplexn\u00e9 slu\u017eby v spracovan\u00ed ocele a hlin\u00edka \u2013 delenie, lisovanie, logistika, poradenstvo. Rie\u0161enia na mieru pre priemyseln\u00e9 pou\u017eitie.\" \/>\n<meta property=\"og:url\" content=\"https:\/\/arcelormittalgonvarri.sk\/en\/products-and-services\/\" \/>\n<meta property=\"og:site_name\" content=\"ArcelorMittal\" \/>\n<meta property=\"article:modified_time\" content=\"2026-01-15T14:08:29+00:00\" \/>\n<meta name=\"twitter:card\" content=\"summary_large_image\" \/>\n<script type=\"application\/ld+json\" class=\"yoast-schema-graph\">{\"@context\":\"https:\/\/schema.org\",\"@graph\":[{\"@type\":\"WebPage\",\"@id\":\"https:\/\/arcelormittalgonvarri.sk\/en\/products-and-services\/\",\"url\":\"https:\/\/arcelormittalgonvarri.sk\/en\/products-and-services\/\",\"name\":\"Products and Services | ArcelorMittal Gonvarri\",\"isPartOf\":{\"@id\":\"https:\/\/arcelormittalgonvarri.sk\/en\/#website\"},\"datePublished\":\"2025-08-27T12:58:50+00:00\",\"dateModified\":\"2026-01-15T14:08:29+00:00\",\"description\":\"Komplexn\u00e9 slu\u017eby v spracovan\u00ed ocele a hlin\u00edka \u2013 delenie, lisovanie, logistika, poradenstvo. Rie\u0161enia na mieru pre priemyseln\u00e9 pou\u017eitie.\",\"breadcrumb\":{\"@id\":\"https:\/\/arcelormittalgonvarri.sk\/en\/products-and-services\/#breadcrumb\"},\"inLanguage\":\"en-US\",\"potentialAction\":[{\"@type\":\"ReadAction\",\"target\":[\"https:\/\/arcelormittalgonvarri.sk\/en\/products-and-services\/\"]}]},{\"@type\":\"BreadcrumbList\",\"@id\":\"https:\/\/arcelormittalgonvarri.sk\/en\/products-and-services\/#breadcrumb\",\"itemListElement\":[{\"@type\":\"ListItem\",\"position\":1,\"name\":\"Domovsk\u00e1 str\u00e1nka\",\"item\":\"https:\/\/arcelormittalgonvarri.sk\/en\/\"},{\"@type\":\"ListItem\",\"position\":2,\"name\":\"Products and services\"}]},{\"@type\":\"WebSite\",\"@id\":\"https:\/\/arcelormittalgonvarri.sk\/en\/#website\",\"url\":\"https:\/\/arcelormittalgonvarri.sk\/en\/\",\"name\":\"ArcelorMittal\",\"description\":\"\",\"potentialAction\":[{\"@type\":\"SearchAction\",\"target\":{\"@type\":\"EntryPoint\",\"urlTemplate\":\"https:\/\/arcelormittalgonvarri.sk\/en\/?s={search_term_string}\"},\"query-input\":{\"@type\":\"PropertyValueSpecification\",\"valueRequired\":true,\"valueName\":\"search_term_string\"}}],\"inLanguage\":\"en-US\"}]}<\/script>\n<!-- \/ Yoast SEO plugin. -->","yoast_head_json":{"title":"Products and Services | ArcelorMittal Gonvarri","description":"Komplexn\u00e9 slu\u017eby v spracovan\u00ed ocele a hlin\u00edka \u2013 delenie, lisovanie, logistika, poradenstvo. Rie\u0161enia na mieru pre priemyseln\u00e9 pou\u017eitie.","robots":{"index":"index","follow":"follow","max-snippet":"max-snippet:-1","max-image-preview":"max-image-preview:large","max-video-preview":"max-video-preview:-1"},"canonical":"https:\/\/arcelormittalgonvarri.sk\/en\/products-and-services\/","og_locale":"en_US","og_type":"article","og_title":"Products and Services | ArcelorMittal Gonvarri","og_description":"Komplexn\u00e9 slu\u017eby v spracovan\u00ed ocele a hlin\u00edka \u2013 delenie, lisovanie, logistika, poradenstvo. Rie\u0161enia na mieru pre priemyseln\u00e9 pou\u017eitie.","og_url":"https:\/\/arcelormittalgonvarri.sk\/en\/products-and-services\/","og_site_name":"ArcelorMittal","article_modified_time":"2026-01-15T14:08:29+00:00","twitter_card":"summary_large_image","schema":{"@context":"https:\/\/schema.org","@graph":[{"@type":"WebPage","@id":"https:\/\/arcelormittalgonvarri.sk\/en\/products-and-services\/","url":"https:\/\/arcelormittalgonvarri.sk\/en\/products-and-services\/","name":"Products and Services | ArcelorMittal Gonvarri","isPartOf":{"@id":"https:\/\/arcelormittalgonvarri.sk\/en\/#website"},"datePublished":"2025-08-27T12:58:50+00:00","dateModified":"2026-01-15T14:08:29+00:00","description":"Komplexn\u00e9 slu\u017eby v spracovan\u00ed ocele a hlin\u00edka \u2013 delenie, lisovanie, logistika, poradenstvo. Rie\u0161enia na mieru pre priemyseln\u00e9 pou\u017eitie.","breadcrumb":{"@id":"https:\/\/arcelormittalgonvarri.sk\/en\/products-and-services\/#breadcrumb"},"inLanguage":"en-US","potentialAction":[{"@type":"ReadAction","target":["https:\/\/arcelormittalgonvarri.sk\/en\/products-and-services\/"]}]},{"@type":"BreadcrumbList","@id":"https:\/\/arcelormittalgonvarri.sk\/en\/products-and-services\/#breadcrumb","itemListElement":[{"@type":"ListItem","position":1,"name":"Domovsk\u00e1 str\u00e1nka","item":"https:\/\/arcelormittalgonvarri.sk\/en\/"},{"@type":"ListItem","position":2,"name":"Products and services"}]},{"@type":"WebSite","@id":"https:\/\/arcelormittalgonvarri.sk\/en\/#website","url":"https:\/\/arcelormittalgonvarri.sk\/en\/","name":"ArcelorMittal","description":"","potentialAction":[{"@type":"SearchAction","target":{"@type":"EntryPoint","urlTemplate":"https:\/\/arcelormittalgonvarri.sk\/en\/?s={search_term_string}"},"query-input":{"@type":"PropertyValueSpecification","valueRequired":true,"valueName":"search_term_string"}}],"inLanguage":"en-US"}]}},"_links":{"self":[{"href":"https:\/\/arcelormittalgonvarri.sk\/en\/wp-json\/wp\/v2\/pages\/952","targetHints":{"allow":["GET"]}}],"collection":[{"href":"https:\/\/arcelormittalgonvarri.sk\/en\/wp-json\/wp\/v2\/pages"}],"about":[{"href":"https:\/\/arcelormittalgonvarri.sk\/en\/wp-json\/wp\/v2\/types\/page"}],"author":[{"embeddable":true,"href":"https:\/\/arcelormittalgonvarri.sk\/en\/wp-json\/wp\/v2\/users\/1"}],"replies":[{"embeddable":true,"href":"https:\/\/arcelormittalgonvarri.sk\/en\/wp-json\/wp\/v2\/comments?post=952"}],"version-history":[{"count":10,"href":"https:\/\/arcelormittalgonvarri.sk\/en\/wp-json\/wp\/v2\/pages\/952\/revisions"}],"predecessor-version":[{"id":1401,"href":"https:\/\/arcelormittalgonvarri.sk\/en\/wp-json\/wp\/v2\/pages\/952\/revisions\/1401"}],"wp:attachment":[{"href":"https:\/\/arcelormittalgonvarri.sk\/en\/wp-json\/wp\/v2\/media?parent=952"}],"curies":[{"name":"wp","href":"https:\/\/api.w.org\/{rel}","templated":true}]}}